{"id":137,"date":"2023-11-27T11:27:30","date_gmt":"2023-11-27T11:27:30","guid":{"rendered":"https:\/\/sowiadolina.com.pl\/basket\/"},"modified":"2023-12-08T13:49:40","modified_gmt":"2023-12-08T12:49:40","slug":"koszyk","status":"publish","type":"page","link":"https:\/\/sowiadolina.com.pl\/en\/koszyk\/","title":{"rendered":"Basket"},"content":{"rendered":"<div data-block-name=\"woocommerce\/cart\" class=\"wp-block-woocommerce-cart alignwide is-loading\"><div data-block-name=\"woocommerce\/filled-cart-block\" class=\"wp-block-woocommerce-filled-cart-block\"><div data-block-name=\"woocommerce\/cart-items-block\" class=\"wp-block-woocommerce-cart-items-block\"><div data-block-name=\"woocommerce\/cart-line-items-block\" class=\"wp-block-woocommerce-cart-line-items-block\"><\/div>\n\n<div data-block-name=\"woocommerce\/cart-cross-sells-block\" class=\"wp-block-woocommerce-cart-cross-sells-block\"><h2 class=\"wp-block-heading has-large-font-size\">You may be interested in...<\/h2>\n\n<div data-block-name=\"woocommerce\/cart-cross-sells-products-block\" class=\"wp-block-woocommerce-cart-cross-sells-products-block\"><\/div><\/div><\/div>\n\n<div data-block-name=\"woocommerce\/cart-totals-block\" class=\"wp-block-woocommerce-cart-totals-block\"><div data-block-name=\"woocommerce\/cart-order-summary-block\" class=\"wp-block-woocommerce-cart-order-summary-block\"><div data-block-name=\"woocommerce\/cart-order-summary-heading-block\" class=\"wp-block-woocommerce-cart-order-summary-heading-block\"><\/div><div data-block-name=\"woocommerce\/cart-order-summary-coupon-form-block\" class=\"wp-block-woocommerce-cart-order-summary-coupon-form-block\"><\/div><div data-block-name=\"woocommerce\/cart-order-summary-totals-block\" class=\"wp-block-woocommerce-cart-order-summary-totals-block\">\n<div data-block-name=\"woocommerce\/cart-order-summary-subtotal-block\" class=\"wp-block-woocommerce-cart-order-summary-subtotal-block\"><\/div>\n<div data-block-name=\"woocommerce\/cart-order-summary-discount-block\" class=\"wp-block-woocommerce-cart-order-summary-discount-block\"><\/div>\n<div data-block-name=\"woocommerce\/cart-order-summary-fee-block\" class=\"wp-block-woocommerce-cart-order-summary-fee-block\"><\/div>\n<div data-block-name=\"woocommerce\/cart-order-summary-shipping-block\" class=\"wp-block-woocommerce-cart-order-summary-shipping-block\"><\/div>\n<div data-block-name=\"woocommerce\/cart-order-summary-taxes-block\" class=\"wp-block-woocommerce-cart-order-summary-taxes-block\"><\/div><\/div><\/div>\n\n<div data-block-name=\"woocommerce\/cart-express-payment-block\" class=\"wp-block-woocommerce-cart-express-payment-block\"><\/div>\n\n<div data-block-name=\"woocommerce\/proceed-to-checkout-block\" class=\"wp-block-woocommerce-proceed-to-checkout-block\"><\/div>\n\n<div data-block-name=\"woocommerce\/cart-accepted-payment-methods-block\" class=\"wp-block-woocommerce-cart-accepted-payment-methods-block\"><\/div><\/div><\/div>\n\n<div data-block-name=\"woocommerce\/empty-cart-block\" class=\"wp-block-woocommerce-empty-cart-block\"><h2 class=\"wp-block-heading has-text-align-center with-empty-cart-icon wc-block-cart__empty-cart__title\">Your basket is currently empty!<\/h2>\n\n<hr class=\"wp-block-separator has-alpha-channel-opacity is-style-dots\"\/>\n\n<h2 class=\"wp-block-heading has-text-align-center\">New in store<\/h2>\n\n<div data-block-name=\"woocommerce\/product-new\" data-columns=\"4\" data-rows=\"1\" class=\"wc-block-grid wp-block-product-new wc-block-product-new has-4-columns\"><ul class=\"wc-block-grid__products\"><li class=\"wc-block-grid__product\">\n\t\t\t\t<a href=\"https:\/\/sowiadolina.com.pl\/en\/product\/pinot-noir-blanc-de-noir-polwytrawne\/\" class=\"wc-block-grid__product-link\">\n\t\t\t\t\t\n\t\t\t\t\t<div class=\"wc-block-grid__product-image\"><img loading=\"lazy\" decoding=\"async\" width=\"300\" height=\"300\" src=\"https:\/\/sowiadolina.com.pl\/wp-content\/uploads\/2024\/02\/IMG_20240126_190338138-300x300.jpg\" class=\"attachment-woocommerce_thumbnail size-woocommerce_thumbnail\" alt=\"Pinot Noir &quot;Blanc de noir&quot;, p\u00f3\u0142wytrawne.\" srcset=\"https:\/\/sowiadolina.com.pl\/wp-content\/uploads\/2024\/02\/IMG_20240126_190338138-300x300.jpg 300w, https:\/\/sowiadolina.com.pl\/wp-content\/uploads\/2024\/02\/IMG_20240126_190338138-150x150.jpg 150w, https:\/\/sowiadolina.com.pl\/wp-content\/uploads\/2024\/02\/IMG_20240126_190338138-100x100.jpg 100w\" sizes=\"auto, (max-width: 300px) 100vw, 300px\" \/><\/div>\n\t\t\t\t\t<div class=\"wc-block-grid__product-title\">Pinot Noir 'Blanc de noir', semi-dry.<\/div>\n\t\t\t\t<\/a>\n\t\t\t\t<div class=\"wc-block-grid__product-price price\"><span class=\"woocommerce-Price-amount amount\">78,00&nbsp;<span class=\"woocommerce-Price-currencySymbol\">&#122;&#322;<\/span><\/span><\/div>\n\t\t\t\t\n\t\t\t\t<div class=\"wp-block-button wc-block-grid__product-add-to-cart\"><a href=\"?add-to-cart=819\" aria-label=\"Add to basket: \u201cPinot Noir &quot;Blanc de noir&quot;, p\u00f3\u0142wytrawne.\u201d\" data-quantity=\"1\" data-product_id=\"819\" data-product_sku=\"\" data-price=\"78\" rel=\"nofollow\" class=\"wp-block-button__link wp-element-button add_to_cart_button ajax_add_to_cart\" data-no-translation=\"\" data-trp-gettext=\"\" data-no-translation-aria-label=\"\">Add to basket<\/a><\/div>\n\t\t\t<\/li><li class=\"wc-block-grid__product\">\n\t\t\t\t<a href=\"https:\/\/sowiadolina.com.pl\/en\/product\/solaris-riesling-polwytrawny-bialy\/\" class=\"wc-block-grid__product-link\">\n\t\t\t\t\t\n\t\t\t\t\t<div class=\"wc-block-grid__product-image\"><img loading=\"lazy\" decoding=\"async\" width=\"300\" height=\"300\" src=\"https:\/\/sowiadolina.com.pl\/wp-content\/uploads\/2024\/02\/IMG_20240126_190221404-300x300.jpg\" class=\"attachment-woocommerce_thumbnail size-woocommerce_thumbnail\" alt=\"Solaris\/Riesling, p\u00f3\u0142wytrawny, bia\u0142y\" srcset=\"https:\/\/sowiadolina.com.pl\/wp-content\/uploads\/2024\/02\/IMG_20240126_190221404-300x300.jpg 300w, https:\/\/sowiadolina.com.pl\/wp-content\/uploads\/2024\/02\/IMG_20240126_190221404-150x150.jpg 150w, https:\/\/sowiadolina.com.pl\/wp-content\/uploads\/2024\/02\/IMG_20240126_190221404-100x100.jpg 100w\" sizes=\"auto, (max-width: 300px) 100vw, 300px\" \/><\/div>\n\t\t\t\t\t<div class=\"wc-block-grid__product-title\">Solaris\/Riesling, semi-dry, white<\/div>\n\t\t\t\t<\/a>\n\t\t\t\t<div class=\"wc-block-grid__product-price price\"><span class=\"woocommerce-Price-amount amount\">78,00&nbsp;<span class=\"woocommerce-Price-currencySymbol\">&#122;&#322;<\/span><\/span><\/div>\n\t\t\t\t\n\t\t\t\t<div class=\"wp-block-button wc-block-grid__product-add-to-cart\"><a href=\"?add-to-cart=817\" aria-label=\"Add to basket: \u201cSolaris\/Riesling, p\u00f3\u0142wytrawny, bia\u0142y\u201d\" data-quantity=\"1\" data-product_id=\"817\" data-product_sku=\"\" data-price=\"78\" rel=\"nofollow\" class=\"wp-block-button__link wp-element-button add_to_cart_button ajax_add_to_cart\" data-no-translation=\"\" data-trp-gettext=\"\" data-no-translation-aria-label=\"\">Add to basket<\/a><\/div>\n\t\t\t<\/li><li class=\"wc-block-grid__product\">\n\t\t\t\t<a href=\"https:\/\/sowiadolina.com.pl\/en\/product\/musiak-wino-biale-musujace-brut\/\" class=\"wc-block-grid__product-link\">\n\t\t\t\t\t\n\t\t\t\t\t<div class=\"wc-block-grid__product-image\"><img loading=\"lazy\" decoding=\"async\" width=\"300\" height=\"300\" src=\"https:\/\/sowiadolina.com.pl\/wp-content\/uploads\/2024\/02\/winnicaniemczanska_musiak-300x300.webp\" class=\"attachment-woocommerce_thumbnail size-woocommerce_thumbnail\" alt=\"Musiak, Winnica Niemcza\u0144ska\" srcset=\"https:\/\/sowiadolina.com.pl\/wp-content\/uploads\/2024\/02\/winnicaniemczanska_musiak-300x300.webp 300w, https:\/\/sowiadolina.com.pl\/wp-content\/uploads\/2024\/02\/winnicaniemczanska_musiak-1024x1024.webp 1024w, https:\/\/sowiadolina.com.pl\/wp-content\/uploads\/2024\/02\/winnicaniemczanska_musiak-150x150.webp 150w, https:\/\/sowiadolina.com.pl\/wp-content\/uploads\/2024\/02\/winnicaniemczanska_musiak-768x768.webp 768w, https:\/\/sowiadolina.com.pl\/wp-content\/uploads\/2024\/02\/winnicaniemczanska_musiak-12x12.webp 12w, https:\/\/sowiadolina.com.pl\/wp-content\/uploads\/2024\/02\/winnicaniemczanska_musiak-600x600.webp 600w, https:\/\/sowiadolina.com.pl\/wp-content\/uploads\/2024\/02\/winnicaniemczanska_musiak-100x100.webp 100w, https:\/\/sowiadolina.com.pl\/wp-content\/uploads\/2024\/02\/winnicaniemczanska_musiak.webp 1080w\" sizes=\"auto, (max-width: 300px) 100vw, 300px\" \/><\/div>\n\t\t\t\t\t<div class=\"wc-block-grid__product-title\">Musiak, Niemcza\u0144ska Vineyard<\/div>\n\t\t\t\t<\/a>\n\t\t\t\t<div class=\"wc-block-grid__product-price price\"><span class=\"woocommerce-Price-amount amount\">108,00&nbsp;<span class=\"woocommerce-Price-currencySymbol\">&#122;&#322;<\/span><\/span><\/div>\n\t\t\t\t\n\t\t\t\t<div class=\"wp-block-button wc-block-grid__product-add-to-cart\"><a href=\"?add-to-cart=814\" aria-label=\"Add to basket: \u201cMusiak, Winnica Niemcza\u0144ska\u201d\" data-quantity=\"1\" data-product_id=\"814\" data-product_sku=\"\" data-price=\"108\" rel=\"nofollow\" class=\"wp-block-button__link wp-element-button add_to_cart_button ajax_add_to_cart\" data-no-translation=\"\" data-trp-gettext=\"\" data-no-translation-aria-label=\"\">Add to basket<\/a><\/div>\n\t\t\t<\/li><li class=\"wc-block-grid__product\">\n\t\t\t\t<a href=\"https:\/\/sowiadolina.com.pl\/en\/product\/solaris-wino-biale-polwytrawne\/\" class=\"wc-block-grid__product-link\">\n\t\t\t\t\t\n\t\t\t\t\t<div class=\"wc-block-grid__product-image\"><img loading=\"lazy\" decoding=\"async\" width=\"300\" height=\"300\" src=\"https:\/\/sowiadolina.com.pl\/wp-content\/uploads\/2024\/02\/IMG_20240126_190050736-300x300.jpg\" class=\"attachment-woocommerce_thumbnail size-woocommerce_thumbnail\" alt=\"Solaris, wino bia\u0142e, p\u00f3\u0142wytrawne\" srcset=\"https:\/\/sowiadolina.com.pl\/wp-content\/uploads\/2024\/02\/IMG_20240126_190050736-300x300.jpg 300w, https:\/\/sowiadolina.com.pl\/wp-content\/uploads\/2024\/02\/IMG_20240126_190050736-150x150.jpg 150w, https:\/\/sowiadolina.com.pl\/wp-content\/uploads\/2024\/02\/IMG_20240126_190050736-100x100.jpg 100w\" sizes=\"auto, (max-width: 300px) 100vw, 300px\" \/><\/div>\n\t\t\t\t\t<div class=\"wc-block-grid__product-title\">Solaris, white wine, semi-dry<\/div>\n\t\t\t\t<\/a>\n\t\t\t\t<div class=\"wc-block-grid__product-price price\"><span class=\"woocommerce-Price-amount amount\">78,00&nbsp;<span class=\"woocommerce-Price-currencySymbol\">&#122;&#322;<\/span><\/span><\/div>\n\t\t\t\t\n\t\t\t\t<div class=\"wp-block-button wc-block-grid__product-add-to-cart\"><a href=\"?add-to-cart=811\" aria-label=\"Add to basket: \u201cSolaris, wino bia\u0142e, p\u00f3\u0142wytrawne\u201d\" data-quantity=\"1\" data-product_id=\"811\" data-product_sku=\"\" data-price=\"78\" rel=\"nofollow\" class=\"wp-block-button__link wp-element-button add_to_cart_button ajax_add_to_cart\" data-no-translation=\"\" data-trp-gettext=\"\" data-no-translation-aria-label=\"\">Add to basket<\/a><\/div>\n\t\t\t<\/li><\/ul><\/div><\/div><\/div>","protected":false},"excerpt":{"rendered":"","protected":false},"author":1,"featured_media":0,"parent":0,"menu_order":0,"comment_status":"closed","ping_status":"closed","template":"","meta":{"inline_featured_image":false,"footnotes":""},"class_list":["post-137","page","type-page","status-publish","hentry"],"acf":[],"_links":{"self":[{"href":"https:\/\/sowiadolina.com.pl\/en\/wp-json\/wp\/v2\/pages\/137","targetHints":{"allow":["GET"]}}],"collection":[{"href":"https:\/\/sowiadolina.com.pl\/en\/wp-json\/wp\/v2\/pages"}],"about":[{"href":"https:\/\/sowiadolina.com.pl\/en\/wp-json\/wp\/v2\/types\/page"}],"author":[{"embeddable":true,"href":"https:\/\/sowiadolina.com.pl\/en\/wp-json\/wp\/v2\/users\/1"}],"replies":[{"embeddable":true,"href":"https:\/\/sowiadolina.com.pl\/en\/wp-json\/wp\/v2\/comments?post=137"}],"version-history":[{"count":1,"href":"https:\/\/sowiadolina.com.pl\/en\/wp-json\/wp\/v2\/pages\/137\/revisions"}],"predecessor-version":[{"id":640,"href":"https:\/\/sowiadolina.com.pl\/en\/wp-json\/wp\/v2\/pages\/137\/revisions\/640"}],"wp:attachment":[{"href":"https:\/\/sowiadolina.com.pl\/en\/wp-json\/wp\/v2\/media?parent=137"}],"curies":[{"name":"wp","href":"https:\/\/api.w.org\/{rel}","templated":true}]}}