{"id":817,"date":"2024-02-07T12:13:55","date_gmt":"2024-02-07T11:13:55","guid":{"rendered":"https:\/\/sowiadolina.com.pl\/?post_type=product&#038;p=817"},"modified":"2025-12-16T21:41:56","modified_gmt":"2025-12-16T20:41:56","slug":"solaris-riesling-polwytrawny-bialy","status":"publish","type":"product","link":"https:\/\/sowiadolina.com.pl\/de\/product\/solaris-riesling-polwytrawny-bialy\/","title":{"rendered":"Solaris\/Riesling, halbtrocken, wei\u00df"},"content":{"rendered":"<p>Ein traditioneller Nieman-Cuv\u00e9e aus den Rebsorten Solaris und Riesling, der halbtrocken ausgebaut wird. Sein Bouquet ist von zarten Blumen gepr\u00e4gt, mit der Zeit entwickeln sich auch Aromen von gelben Fr\u00fcchten. Er passt perfekt zu Ente in Honig und Pad Thai.<\/p>\n<p><strong>Dominante Aromen:<\/strong> Pfirsich, Mango, Birne, Ananas.<br \/>\n<strong>Kapazit\u00e4t:<\/strong> 0,75 l<br \/>\n<strong>Alkoholgehalt:<\/strong> 11 %<\/p>\n<p>&nbsp;<\/p>","protected":false},"excerpt":{"rendered":"<p>Eine traditionelle Nieman-Cuv\u00e9e aus den Rebsorten Solaris und Riesling, die halbtrocken ausgebaut wird. Sein Bouquet ist von zarten Blumen gepr\u00e4gt, mit der Zeit entwickeln sich auch Aromen von gelben Fr\u00fcchten. Er passt hervorragend zu Ente in Honig und Pad Thai. Dominierende Aromen: Pfirsich, Mango, Birne, Ananas. Fassungsverm\u00f6gen: 0,75 Liter Alkoholgehalt: 11 % &nbsp;<\/p>","protected":false},"featured_media":818,"template":"","meta":{"inline_featured_image":false},"product_cat":[59,62,58],"product_tag":[64],"class_list":{"0":"post-817","1":"product","2":"type-product","3":"status-publish","4":"has-post-thumbnail","6":"product_cat-biale","7":"product_cat-polwytrawne","8":"product_cat-wino","9":"product_tag-winnica-niemczanska","11":"first","12":"instock","13":"taxable","14":"shipping-taxable","15":"purchasable","16":"product-type-simple"},"acf":[],"_links":{"self":[{"href":"https:\/\/sowiadolina.com.pl\/de\/wp-json\/wp\/v2\/product\/817","targetHints":{"allow":["GET"]}}],"collection":[{"href":"https:\/\/sowiadolina.com.pl\/de\/wp-json\/wp\/v2\/product"}],"about":[{"href":"https:\/\/sowiadolina.com.pl\/de\/wp-json\/wp\/v2\/types\/product"}],"wp:featuredmedia":[{"embeddable":true,"href":"https:\/\/sowiadolina.com.pl\/de\/wp-json\/wp\/v2\/media\/818"}],"wp:attachment":[{"href":"https:\/\/sowiadolina.com.pl\/de\/wp-json\/wp\/v2\/media?parent=817"}],"wp:term":[{"taxonomy":"product_cat","embeddable":true,"href":"https:\/\/sowiadolina.com.pl\/de\/wp-json\/wp\/v2\/product_cat?post=817"},{"taxonomy":"product_tag","embeddable":true,"href":"https:\/\/sowiadolina.com.pl\/de\/wp-json\/wp\/v2\/product_tag?post=817"}],"curies":[{"name":"wp","href":"https:\/\/api.w.org\/{rel}","templated":true}]}}