{"id":814,"date":"2024-02-07T12:02:12","date_gmt":"2024-02-07T11:02:12","guid":{"rendered":"https:\/\/sowiadolina.com.pl\/?post_type=product&#038;p=814"},"modified":"2025-11-15T21:26:31","modified_gmt":"2025-11-15T20:26:31","slug":"musiak-wino-biale-musujace-brut","status":"publish","type":"product","link":"https:\/\/sowiadolina.com.pl\/de\/product\/musiak-wino-biale-musujace-brut\/","title":{"rendered":"Musiak, Niemcza\u0144ska-Weinberg"},"content":{"rendered":"<div dir=\"auto\">\n<div class=\"v1gmail_quote\">\n<div dir=\"auto\">\n<div dir=\"ltr\">\n<div dir=\"auto\">Ein Schaumwein mit mildem Charakter, der nach der traditionellen Methode der zweiten G\u00e4rung in der Flasche (auch Champagnermethode genannt) aus den Rebsorten Riesling, Chardonnay oder Pinot Noir hergestellt wird. Das Mundgef\u00fchl ist sofort erfrischend, was auf das Zusammenspiel von S\u00e4ure und Kohlens\u00e4ure zur\u00fcckzuf\u00fchren ist. Bei der Verkostung bildet sich ein dicker, samtiger Schaum.<\/div>\n<div dir=\"auto\"><\/div>\n<div dir=\"auto\">Angenehme Aromen von gr\u00fcnem Apfel, Zitrusfr\u00fcchten und Quitte. Ein ausgezeichneter Wein zum Fr\u00fchst\u00fcck.<\/div>\n<div dir=\"auto\">Er passt perfekt zu Austern, Garnelen und Spargel.<\/div>\n<div dir=\"auto\"><\/div>\n<div dir=\"auto\">*Enth\u00e4lt Sulfite<\/div>\n<\/div>\n<div dir=\"auto\">\n<p><strong>Kapazit\u00e4t:<\/strong> 0,75 l<br \/>\n<strong>Alkoholgehalt:<\/strong> 12 %<\/p>\n<\/div>\n<div dir=\"auto\"><\/div>\n<\/div>\n<\/div>\n<\/div>","protected":false},"excerpt":{"rendered":"<p>Ein Schaumwein mit mildem Charakter, der nach der traditionellen Methode der zweiten G\u00e4rung in der Flasche (auch Champagnermethode genannt) aus den Rebsorten Riesling, Chardonnay oder Pinot Noir hergestellt wird. Das Mundgef\u00fchl ist sofort erfrischend, was auf das Zusammenspiel von S\u00e4ure und Kohlens\u00e4ure zur\u00fcckzuf\u00fchren ist. Bei der Verkostung bildet sich ein dicker, samtiger Schaum. Angenehme Aromen von gr\u00fcnem Apfel, Zitrusfr\u00fcchten und Quitte. Ein ausgezeichneter Wein f\u00fcr [...]<\/p>","protected":false},"featured_media":823,"template":"","meta":{"inline_featured_image":false},"product_cat":[59,63,58],"product_tag":[64],"class_list":{"0":"post-814","1":"product","2":"type-product","3":"status-publish","4":"has-post-thumbnail","6":"product_cat-biale","7":"product_cat-musujace","8":"product_cat-wino","9":"product_tag-winnica-niemczanska","11":"first","12":"instock","13":"taxable","14":"shipping-taxable","15":"purchasable","16":"product-type-simple"},"acf":[],"_links":{"self":[{"href":"https:\/\/sowiadolina.com.pl\/de\/wp-json\/wp\/v2\/product\/814","targetHints":{"allow":["GET"]}}],"collection":[{"href":"https:\/\/sowiadolina.com.pl\/de\/wp-json\/wp\/v2\/product"}],"about":[{"href":"https:\/\/sowiadolina.com.pl\/de\/wp-json\/wp\/v2\/types\/product"}],"wp:featuredmedia":[{"embeddable":true,"href":"https:\/\/sowiadolina.com.pl\/de\/wp-json\/wp\/v2\/media\/823"}],"wp:attachment":[{"href":"https:\/\/sowiadolina.com.pl\/de\/wp-json\/wp\/v2\/media?parent=814"}],"wp:term":[{"taxonomy":"product_cat","embeddable":true,"href":"https:\/\/sowiadolina.com.pl\/de\/wp-json\/wp\/v2\/product_cat?post=814"},{"taxonomy":"product_tag","embeddable":true,"href":"https:\/\/sowiadolina.com.pl\/de\/wp-json\/wp\/v2\/product_tag?post=814"}],"curies":[{"name":"wp","href":"https:\/\/api.w.org\/{rel}","templated":true}]}}