{"id":811,"date":"2024-02-07T11:42:38","date_gmt":"2024-02-07T10:42:38","guid":{"rendered":"https:\/\/sowiadolina.com.pl\/?post_type=product&#038;p=811"},"modified":"2024-03-11T08:59:50","modified_gmt":"2024-03-11T07:59:50","slug":"solaris-wino-biale-polwytrawne","status":"publish","type":"product","link":"https:\/\/sowiadolina.com.pl\/de\/product\/solaris-wino-biale-polwytrawne\/","title":{"rendered":"Solaris, Wei\u00dfwein, halbtrocken"},"content":{"rendered":"<p>Eine der modernen, gegen Pilzkrankheiten resistenten Rebsorten. Sie zeichnet sich durch eine relativ fr\u00fche Reifung und entsprechend hohe Ertr\u00e4ge aus. Sie f\u00fchlt sich in unseren Neman-H\u00fcgeln zu Hause. Sie hat einen ausgepr\u00e4gten Fruchtcharakter und ist oft halbtrocken mit fein integrierter S\u00e4ure und einer selbstbewussten Frische.<\/p>\n<p>Passt hervorragend zu frischen Salaten, Spargel oder leichten Fischgerichten.<\/p>\n<p><strong>Kapazit\u00e4t:<\/strong> 0,75 l<br \/>\n<strong>Alkoholgehalt:<\/strong> 11 %<\/p>","protected":false},"excerpt":{"rendered":"<p>Eine der modernen, gegen Pilzkrankheiten resistenten Rebsorten. Sie zeichnet sich durch eine relativ fr\u00fche Reifung und entsprechend hohe Ertr\u00e4ge aus. Sie f\u00fchlt sich in unseren Neman-H\u00fcgeln zu Hause. Er hat einen ausgepr\u00e4gt fruchtigen Charakter und ist oft halbtrocken, mit fein eingebundener S\u00e4ure und einer selbstbewussten Frische. Passt hervorragend zu frischen Salaten, Spargel oder leichten Fischgerichten. Volumen: 0,75 l Inhalt [...].<\/p>","protected":false},"featured_media":812,"template":"","meta":{"inline_featured_image":false},"product_cat":[59,62,58],"product_tag":[64],"class_list":{"0":"post-811","1":"product","2":"type-product","3":"status-publish","4":"has-post-thumbnail","6":"product_cat-biale","7":"product_cat-polwytrawne","8":"product_cat-wino","9":"product_tag-winnica-niemczanska","11":"first","12":"instock","13":"taxable","14":"shipping-taxable","15":"purchasable","16":"product-type-simple"},"acf":[],"_links":{"self":[{"href":"https:\/\/sowiadolina.com.pl\/de\/wp-json\/wp\/v2\/product\/811","targetHints":{"allow":["GET"]}}],"collection":[{"href":"https:\/\/sowiadolina.com.pl\/de\/wp-json\/wp\/v2\/product"}],"about":[{"href":"https:\/\/sowiadolina.com.pl\/de\/wp-json\/wp\/v2\/types\/product"}],"wp:featuredmedia":[{"embeddable":true,"href":"https:\/\/sowiadolina.com.pl\/de\/wp-json\/wp\/v2\/media\/812"}],"wp:attachment":[{"href":"https:\/\/sowiadolina.com.pl\/de\/wp-json\/wp\/v2\/media?parent=811"}],"wp:term":[{"taxonomy":"product_cat","embeddable":true,"href":"https:\/\/sowiadolina.com.pl\/de\/wp-json\/wp\/v2\/product_cat?post=811"},{"taxonomy":"product_tag","embeddable":true,"href":"https:\/\/sowiadolina.com.pl\/de\/wp-json\/wp\/v2\/product_tag?post=811"}],"curies":[{"name":"wp","href":"https:\/\/api.w.org\/{rel}","templated":true}]}}