{"id":805,"date":"2024-02-07T10:51:58","date_gmt":"2024-02-07T09:51:58","guid":{"rendered":"https:\/\/sowiadolina.com.pl\/?post_type=product&#038;p=805"},"modified":"2024-03-11T09:01:04","modified_gmt":"2024-03-11T08:01:04","slug":"cydr-musujacy-wytrawny-bialy","status":"publish","type":"product","link":"https:\/\/sowiadolina.com.pl\/de\/product\/cydr-musujacy-wytrawny-bialy\/","title":{"rendered":"Apfelwein mit Kohlens\u00e4ure, Weingut Niemcza\u0144ska"},"content":{"rendered":"<p>Geschmack der Natur aus niederschlesischen Obstg\u00e4rten. Dieser einzigartige Apfelwein ist das Ergebnis eines Gleichgewichts zwischen Tradition und Moderne und Frische, <strong>an die sie die hochwertigsten \u00c4pfel von lokalen Obstbauern aus Niederschlesien liefern.<\/strong><\/p>\n<p>Unser Rezept basiert auf frisch gepresstem Saft aus polnischen \u00c4pfeln, was eine perfekte Kombination aus Aroma und Geschmack ergibt.<\/p>\n<p>Die Bl\u00e4schen im Niemcza\u0144ski-Cidre sind nicht zuf\u00e4llig.<strong> sind das Ergebnis der traditionellen zweiten G\u00e4rung, die in der Flasche stattfindet und ein zartes und anhaltendes Sprudeln erzeugt.<\/strong><\/p>\n<p>Unser Apfelwein ist<strong> knackig und leicht<\/strong>ideal f\u00fcr Sommerabende.<\/p>\n<p><strong>Kapazit\u00e4t:<\/strong> 0,75 l<br \/>\n<strong>Alkoholgehalt:<\/strong> 6,5 %<\/p>","protected":false},"excerpt":{"rendered":"<p>Smak Natury z Dolno\u015bl\u0105skich Sad\u00f3w. Dieser einzigartige Apfelwein ist das Ergebnis eines ausgewogenen Verh\u00e4ltnisses zwischen Tradition, Modernit\u00e4t und Frische, das durch die h\u00f6chste Qualit\u00e4t der \u00c4pfel von lokalen Obstbauern in Niederschlesien gew\u00e4hrleistet wird. Unser Rezept basiert auf frisch gepresstem Saft aus polnischen \u00c4pfeln, der eine perfekte Kombination aus Aroma und Geschmack ergibt. Die Bl\u00e4schen im Cidre Niemcza\u0144ski sind kein Zufall - sie sind die Frucht [...].<\/p>","protected":false},"featured_media":806,"template":"","meta":{"inline_featured_image":false},"product_cat":[60,56],"product_tag":[64],"class_list":{"0":"post-805","1":"product","2":"type-product","3":"status-publish","4":"has-post-thumbnail","6":"product_cat-bialy-kategoria-cydr-wytrawny","7":"product_cat-kategoria-cydr-wytrawny","8":"product_tag-winnica-niemczanska","10":"first","11":"instock","12":"taxable","13":"shipping-taxable","14":"purchasable","15":"product-type-simple"},"acf":[],"_links":{"self":[{"href":"https:\/\/sowiadolina.com.pl\/de\/wp-json\/wp\/v2\/product\/805","targetHints":{"allow":["GET"]}}],"collection":[{"href":"https:\/\/sowiadolina.com.pl\/de\/wp-json\/wp\/v2\/product"}],"about":[{"href":"https:\/\/sowiadolina.com.pl\/de\/wp-json\/wp\/v2\/types\/product"}],"wp:featuredmedia":[{"embeddable":true,"href":"https:\/\/sowiadolina.com.pl\/de\/wp-json\/wp\/v2\/media\/806"}],"wp:attachment":[{"href":"https:\/\/sowiadolina.com.pl\/de\/wp-json\/wp\/v2\/media?parent=805"}],"wp:term":[{"taxonomy":"product_cat","embeddable":true,"href":"https:\/\/sowiadolina.com.pl\/de\/wp-json\/wp\/v2\/product_cat?post=805"},{"taxonomy":"product_tag","embeddable":true,"href":"https:\/\/sowiadolina.com.pl\/de\/wp-json\/wp\/v2\/product_tag?post=805"}],"curies":[{"name":"wp","href":"https:\/\/api.w.org\/{rel}","templated":true}]}}