{"id":819,"date":"2024-02-07T12:27:08","date_gmt":"2024-02-07T11:27:08","guid":{"rendered":"https:\/\/sowiadolina.com.pl\/?post_type=product&#038;p=819"},"modified":"2024-03-11T08:57:36","modified_gmt":"2024-03-11T07:57:36","slug":"pinot-noir-blanc-de-noir-polwytrawne","status":"publish","type":"product","link":"http:\/\/sowiadolina.com.pl\/de\/product\/pinot-noir-blanc-de-noir-polwytrawne\/","title":{"rendered":"Pinot Noir \"Blanc de noir\", halbtrocken."},"content":{"rendered":"<p>Ein altes Verfahren zur Herstellung von Wei\u00dfwein aus roten Trauben. Er zeichnet sich durch einen perfekt ausgewogenen S\u00e4uregehalt, einen sp\u00fcrbaren Restzuckergehalt und eine zarte Lachsfarbe aus.<\/p>\n<p>Dank seiner fruchtigen Noten passt er gut zu asiatischen Gerichten, Bryndza-K\u00e4se oder hei\u00dfem Apfelkuchen mit Eiscreme.<\/p>\n<p><strong>Dominante Aromen:<\/strong> Pfirsich, Passionsfrucht, Limette, Erdbeere.<br \/>\n<strong>Kapazit\u00e4t:<\/strong> 0,75 l<br \/>\n<strong>Alkoholgehalt:<\/strong> 11,5 %<\/p>","protected":false},"excerpt":{"rendered":"<p>Ein altes Verfahren zur Herstellung von Wei\u00dfwein aus roten Trauben. Er zeichnet sich durch einen perfekt ausgewogenen S\u00e4uregehalt, einen sp\u00fcrbaren Restzuckergehalt und eine zarte Lachsfarbe aus. Dank seiner fruchtigen Noten passt er gut zu asiatischen Gerichten, Bryndza-K\u00e4se oder hei\u00dfem Apfelkuchen mit Eiscreme. Dominierende Aromen: Pfirsich, Passionsfrucht, Limette, Erdbeere. Fassungsverm\u00f6gen: 0,75 Liter Alkoholgehalt: 11,5 %<\/p>","protected":false},"featured_media":820,"template":"","meta":{"inline_featured_image":false},"product_cat":[59,62,58],"product_tag":[64],"class_list":{"0":"post-819","1":"product","2":"type-product","3":"status-publish","4":"has-post-thumbnail","6":"product_cat-biale","7":"product_cat-polwytrawne","8":"product_cat-wino","9":"product_tag-winnica-niemczanska","11":"first","12":"instock","13":"taxable","14":"shipping-taxable","15":"purchasable","16":"product-type-simple"},"acf":[],"_links":{"self":[{"href":"http:\/\/sowiadolina.com.pl\/de\/wp-json\/wp\/v2\/product\/819","targetHints":{"allow":["GET"]}}],"collection":[{"href":"http:\/\/sowiadolina.com.pl\/de\/wp-json\/wp\/v2\/product"}],"about":[{"href":"http:\/\/sowiadolina.com.pl\/de\/wp-json\/wp\/v2\/types\/product"}],"wp:featuredmedia":[{"embeddable":true,"href":"http:\/\/sowiadolina.com.pl\/de\/wp-json\/wp\/v2\/media\/820"}],"wp:attachment":[{"href":"http:\/\/sowiadolina.com.pl\/de\/wp-json\/wp\/v2\/media?parent=819"}],"wp:term":[{"taxonomy":"product_cat","embeddable":true,"href":"http:\/\/sowiadolina.com.pl\/de\/wp-json\/wp\/v2\/product_cat?post=819"},{"taxonomy":"product_tag","embeddable":true,"href":"http:\/\/sowiadolina.com.pl\/de\/wp-json\/wp\/v2\/product_tag?post=819"}],"curies":[{"name":"wp","href":"https:\/\/api.w.org\/{rel}","templated":true}]}}